{"id":92,"date":"2022-09-01T12:50:49","date_gmt":"2022-09-01T10:50:49","guid":{"rendered":"https:\/\/construccionesbalado.com\/?page_id=92"},"modified":"2022-09-01T12:50:49","modified_gmt":"2022-09-01T10:50:49","slug":"abastecimiento-y-saneamientos","status":"publish","type":"page","link":"https:\/\/construccionesbalado.infoter.es\/?page_id=92","title":{"rendered":"Abastecimientos y saneamiento"},"content":{"rendered":"\n<figure class=\"wp-block-image size-large has-custom-border\"><img loading=\"lazy\" decoding=\"async\" width=\"777\" height=\"437\" src=\"https:\/\/construccionesbalado.infoter.es\/wp-content\/uploads\/2022\/09\/img-20220721-wa0060-edited.jpg\" alt=\"\" class=\"wp-image-293\" style=\"border-width:2px;border-radius:5px;\" srcset=\"https:\/\/construccionesbalado.infoter.es\/wp-content\/uploads\/2022\/09\/img-20220721-wa0060-edited.jpg 777w, https:\/\/construccionesbalado.infoter.es\/wp-content\/uploads\/2022\/09\/img-20220721-wa0060-edited-300x169.jpg 300w, https:\/\/construccionesbalado.infoter.es\/wp-content\/uploads\/2022\/09\/img-20220721-wa0060-edited-768x432.jpg 768w\" sizes=\"auto, (max-width: 777px) 100vw, 777px\" \/><figcaption class=\"wp-element-caption\">Reparaci\u00f3n, sustituci\u00f3n y colocaci\u00f3n de tuber\u00edas<\/figcaption><\/figure>\n\n\n\n<p><\/p>\n\n\n\n<figure class=\"wp-block-image size-large has-custom-border\"><img loading=\"lazy\" decoding=\"async\" width=\"777\" height=\"437\" src=\"https:\/\/construccionesbalado.infoter.es\/wp-content\/uploads\/2022\/09\/img-20220721-wa0063-edited.jpg\" alt=\"\" class=\"wp-image-294\" style=\"border-width:2px;border-radius:5px;\" srcset=\"https:\/\/construccionesbalado.infoter.es\/wp-content\/uploads\/2022\/09\/img-20220721-wa0063-edited.jpg 777w, https:\/\/construccionesbalado.infoter.es\/wp-content\/uploads\/2022\/09\/img-20220721-wa0063-edited-300x169.jpg 300w, https:\/\/construccionesbalado.infoter.es\/wp-content\/uploads\/2022\/09\/img-20220721-wa0063-edited-768x432.jpg 768w\" sizes=\"auto, (max-width: 777px) 100vw, 777px\" \/><figcaption class=\"wp-element-caption\">Sustituci\u00f3n de tuber\u00edas<\/figcaption><\/figure>\n\n\n\n<p><\/p>\n\n\n\n<figure class=\"wp-block-image size-large has-custom-border\"><img decoding=\"async\" src=\"https:\/\/construccionesbalado.infoter.es\/wp-content\/uploads\/2022\/09\/img-20220721-wa0062-edited-1.jpg\" alt=\"\" class=\"wp-image-296\" style=\"border-width:2px;border-radius:5px;\" \/><figcaption class=\"wp-element-caption\">Reparaci\u00f3n de tuber\u00edas<\/figcaption><\/figure>\n\n\n\n<p><\/p>\n\n\n\n<figure class=\"wp-block-image size-large has-custom-border\"><img loading=\"lazy\" decoding=\"async\" width=\"1280\" height=\"720\" src=\"https:\/\/construccionesbalado.infoter.es\/wp-content\/uploads\/2022\/09\/img-20220721-wa0048.jpg?w=1024\" alt=\"\" class=\"wp-image-287\" style=\"border-width:2px;border-radius:5px;\" srcset=\"https:\/\/construccionesbalado.infoter.es\/wp-content\/uploads\/2022\/09\/img-20220721-wa0048.jpg 1280w, https:\/\/construccionesbalado.infoter.es\/wp-content\/uploads\/2022\/09\/img-20220721-wa0048-300x169.jpg 300w, https:\/\/construccionesbalado.infoter.es\/wp-content\/uploads\/2022\/09\/img-20220721-wa0048-1024x576.jpg 1024w, https:\/\/construccionesbalado.infoter.es\/wp-content\/uploads\/2022\/09\/img-20220721-wa0048-768x432.jpg 768w\" sizes=\"auto, (max-width: 1280px) 100vw, 1280px\" \/><\/figure>\n","protected":false},"excerpt":{"rendered":"","protected":false},"author":2,"featured_media":0,"parent":0,"menu_order":0,"comment_status":"closed","ping_status":"closed","template":"","meta":{"footnotes":""},"class_list":["post-92","page","type-page","status-publish","hentry"],"_links":{"self":[{"href":"https:\/\/construccionesbalado.infoter.es\/index.php?rest_route=\/wp\/v2\/pages\/92","targetHints":{"allow":["GET"]}}],"collection":[{"href":"https:\/\/construccionesbalado.infoter.es\/index.php?rest_route=\/wp\/v2\/pages"}],"about":[{"href":"https:\/\/construccionesbalado.infoter.es\/index.php?rest_route=\/wp\/v2\/types\/page"}],"author":[{"embeddable":true,"href":"https:\/\/construccionesbalado.infoter.es\/index.php?rest_route=\/wp\/v2\/users\/2"}],"replies":[{"embeddable":true,"href":"https:\/\/construccionesbalado.infoter.es\/index.php?rest_route=%2Fwp%2Fv2%2Fcomments&post=92"}],"version-history":[{"count":0,"href":"https:\/\/construccionesbalado.infoter.es\/index.php?rest_route=\/wp\/v2\/pages\/92\/revisions"}],"wp:attachment":[{"href":"https:\/\/construccionesbalado.infoter.es\/index.php?rest_route=%2Fwp%2Fv2%2Fmedia&parent=92"}],"curies":[{"name":"wp","href":"https:\/\/api.w.org\/{rel}","templated":true}]}}